{"id":1153,"date":"2024-05-17T13:41:39","date_gmt":"2024-05-17T13:41:39","guid":{"rendered":"https:\/\/rashev-co.com\/a-propos-de-nous\/"},"modified":"2025-06-18T07:08:41","modified_gmt":"2025-06-18T07:08:41","slug":"a-propos-de-nous","status":"publish","type":"page","link":"https:\/\/rashev-co.com\/fr\/a-propos-de-nous\/","title":{"rendered":"A propos"},"content":{"rendered":"\t\t<div data-elementor-type=\"wp-page\" data-elementor-id=\"1153\" class=\"elementor elementor-1153 elementor-621\">\n\t\t\t\t<div class=\"elementor-element elementor-element-657c038 e-con-full e-flex e-con e-parent\" data-id=\"657c038\" data-element_type=\"container\">\n\t\t<div class=\"elementor-element elementor-element-e92f742 e-con-full e-flex e-con e-child\" data-id=\"e92f742\" data-element_type=\"container\">\n\t\t\t\t<div class=\"elementor-element elementor-element-590125a elementor-widget elementor-widget-heading\" data-id=\"590125a\" data-element_type=\"widget\" data-widget_type=\"heading.default\">\n\t\t\t\t<div class=\"elementor-widget-container\">\n\t\t\t\t\t<h2 class=\"elementor-heading-title elementor-size-default\">A propos de nous<\/h2>\t\t\t\t<\/div>\n\t\t\t\t<\/div>\n\t\t\t\t<div class=\"elementor-element elementor-element-7f8a4d9 elementor-widget elementor-widget-html\" data-id=\"7f8a4d9\" data-element_type=\"widget\" data-widget_type=\"html.default\">\n\t\t\t\t<div class=\"elementor-widget-container\">\n\t\t\t\t\t<style>\n    #scndline {\n        max-width: 300px;\n        margin: 0;\n    }\n    .rashev-line div:first-of-type {\n        height: 4px;\n        background: #FFC600;\n        margin-bottom: 2px;\n    }\n    .rashev-line div:last-of-type {\n        height: 8px;\n        background: #006C5C;\n    }\n<\/style>\n<div id=\"scndline\" class=\"rashev-line\">\n    <div><\/div>\n    <div><\/div>\n<\/div>\t\t\t\t<\/div>\n\t\t\t\t<\/div>\n\t\t\t\t<div class=\"elementor-element elementor-element-bcc9793 elementor-widget elementor-widget-heading\" data-id=\"bcc9793\" data-element_type=\"widget\" data-widget_type=\"heading.default\">\n\t\t\t\t<div class=\"elementor-widget-container\">\n\t\t\t\t\t<h3 class=\"elementor-heading-title elementor-size-default\">Historique de l'entreprise<\/h3>\t\t\t\t<\/div>\n\t\t\t\t<\/div>\n\t\t\t\t<div class=\"elementor-element elementor-element-4bc1351 elementor-widget elementor-widget-text-editor\" data-id=\"4bc1351\" data-element_type=\"widget\" data-widget_type=\"text-editor.default\">\n\t\t\t\t<div class=\"elementor-widget-container\">\n\t\t\t\t\t\t\t\t\t<p>\u00ab\u00a0RASHEV &amp; CO.\u00a0\u00bb SARL est une soci\u00e9t\u00e9 priv\u00e9e, dirig\u00e9e par des professionnels ayant une exp\u00e9rience av\u00e9r\u00e9e dans la construction compl\u00e8te de centrales solaires photovolta\u00efques. Notre objectif est de figurer parmi les principales entreprises internationales dans le domaine de la construction de syst\u00e8mes photovolta\u00efques, en nous effor\u00e7ant de fournir la qualit\u00e9 n\u00e9cessaire \u00e0 chaque projet. L&rsquo;entreprise dispose de sp\u00e9cialistes hautement qualifi\u00e9s poss\u00e9dant les comp\u00e9tences et l&rsquo;exp\u00e9rience n\u00e9cessaires pour concevoir, construire et entretenir des centrales photovolta\u00efques. Nous proposons des solutions compl\u00e8tes et innovantes adapt\u00e9es aux besoins individuels de chaque client.<\/p>\n\t\t\t\t\t\t\t\t<\/div>\n\t\t\t\t<\/div>\n\t\t\t\t<\/div>\n\t\t<div class=\"elementor-element elementor-element-25745fa e-con-full e-flex elementor-invisible e-con e-child\" data-id=\"25745fa\" data-element_type=\"container\" data-settings=\"{&quot;animation&quot;:&quot;fadeInRight&quot;,&quot;background_background&quot;:&quot;classic&quot;}\">\n\t\t\t\t<\/div>\n\t\t\t\t<\/div>\n\t\t<div class=\"elementor-element elementor-element-f23e784 e-con-full e-flex e-con e-parent\" data-id=\"f23e784\" data-element_type=\"container\">\n\t\t<div class=\"elementor-element elementor-element-83a8342 e-con-full e-flex elementor-invisible e-con e-child\" data-id=\"83a8342\" data-element_type=\"container\" data-settings=\"{&quot;animation&quot;:&quot;fadeInLeft&quot;,&quot;background_background&quot;:&quot;classic&quot;}\">\n\t\t\t\t<\/div>\n\t\t<div class=\"elementor-element elementor-element-b1a6a38 e-con-full e-flex e-con e-child\" data-id=\"b1a6a38\" data-element_type=\"container\">\n\t\t\t\t<div class=\"elementor-element elementor-element-94d5914 elementor-widget elementor-widget-heading\" data-id=\"94d5914\" data-element_type=\"widget\" data-widget_type=\"heading.default\">\n\t\t\t\t<div class=\"elementor-widget-container\">\n\t\t\t\t\t<h3 class=\"elementor-heading-title elementor-size-default\">Nos projets et activit\u00e9s<\/h3>\t\t\t\t<\/div>\n\t\t\t\t<\/div>\n\t\t\t\t<div class=\"elementor-element elementor-element-528ecee elementor-widget elementor-widget-text-editor\" data-id=\"528ecee\" data-element_type=\"widget\" data-widget_type=\"text-editor.default\">\n\t\t\t\t<div class=\"elementor-widget-container\">\n\t\t\t\t\t\t\t\t\t<p><a href=\"https:\/\/rashev-co.com\/fr\/\" target=\"_blank\" rel=\"noopener\">\u00ab\u00a0RASHEV &amp; CO.\u00a0\u00bb SARL<\/a> offre une gamme compl\u00e8te de services de construction pour les projets photovolta\u00efques \u00e0 grande \u00e9chelle. Depuis la pr\u00e9paration et l&rsquo;organisation du site, l&rsquo;excavation et le g\u00e9nie civil, la construction m\u00e9canique et l&rsquo;assemblage des structures jusqu&rsquo;\u00e0 l&rsquo;installation \u00e9lectrique et le c\u00e2blage des modules solaires, la gestion du site et la logistique de la construction. Sur demande, nous pouvons prendre en charge l&rsquo;ex\u00e9cution compl\u00e8te de tous les services de planification, de construction et d&rsquo;installation jusqu&rsquo;\u00e0 la remise cl\u00e9 en main. Pour garantir la plus haute qualit\u00e9 des services et des produits offerts, l&rsquo;entreprise travaille avec des fournisseurs \u00e9tablis et \u00e9prouv\u00e9s sur le march\u00e9.<\/p>\t\t\t\t\t\t\t\t<\/div>\n\t\t\t\t<\/div>\n\t\t\t\t<div class=\"elementor-element elementor-element-b00d32e elementor-align-left elementor-widget elementor-widget-button\" data-id=\"b00d32e\" data-element_type=\"widget\" data-widget_type=\"button.default\">\n\t\t\t\t<div class=\"elementor-widget-container\">\n\t\t\t\t\t\t\t\t\t<div class=\"elementor-button-wrapper\">\n\t\t\t\t\t<a class=\"elementor-button elementor-button-link elementor-size-sm\" href=\"#\">\n\t\t\t\t\t\t<span class=\"elementor-button-content-wrapper\">\n\t\t\t\t\t\t\t\t\t<span class=\"elementor-button-text\">En savoir plus<\/span>\n\t\t\t\t\t<\/span>\n\t\t\t\t\t<\/a>\n\t\t\t\t<\/div>\n\t\t\t\t\t\t\t\t<\/div>\n\t\t\t\t<\/div>\n\t\t\t\t<\/div>\n\t\t\t\t<\/div>\n\t\t<div class=\"elementor-element elementor-element-2037a34 e-flex e-con-boxed e-con e-parent\" data-id=\"2037a34\" data-element_type=\"container\">\n\t\t\t\t\t<div class=\"e-con-inner\">\n\t\t\t\t<div class=\"elementor-element elementor-element-663f93b elementor-widget elementor-widget-html\" data-id=\"663f93b\" data-element_type=\"widget\" data-widget_type=\"html.default\">\n\t\t\t\t<div class=\"elementor-widget-container\">\n\t\t\t\t\t<style>.entry-title {\n        display: none!important;\n    }\n<\/style>\t\t\t\t<\/div>\n\t\t\t\t<\/div>\n\t\t\t\t\t<\/div>\n\t\t\t\t<\/div>\n\t\t\t\t<\/div>\n\t\t","protected":false},"excerpt":{"rendered":"<p>A propos de nous Historique de l&rsquo;entreprise \u00ab\u00a0RASHEV &amp; CO.\u00a0\u00bb SARL est une soci\u00e9t\u00e9 priv\u00e9e, dirig\u00e9e par des professionnels ayant une exp\u00e9rience av\u00e9r\u00e9e dans la construction compl\u00e8te de centrales solaires photovolta\u00efques. Notre objectif est de figurer parmi les principales entreprises internationales dans le domaine de la construction de syst\u00e8mes photovolta\u00efques, en nous effor\u00e7ant de fournir [&hellip;]<\/p>\n","protected":false},"author":1,"featured_media":0,"parent":0,"menu_order":0,"comment_status":"closed","ping_status":"closed","template":"","meta":{"footnotes":""},"class_list":["post-1153","page","type-page","status-publish","hentry"],"yoast_head":"<!-- This site is optimized with the Yoast SEO plugin v23.6 - https:\/\/yoast.com\/wordpress\/plugins\/seo\/ -->\n<title>A propos - Rashev Co<\/title>\n<meta name=\"description\" content=\"RASHEV est une soci\u00e9t\u00e9 priv\u00e9e, dirig\u00e9e par des professionnels ayant une exp\u00e9rience av\u00e9r\u00e9e dans la construction compl\u00e8te de centrales solaires photovolta\u00efques.\" \/>\n<meta name=\"robots\" content=\"index, follow, max-snippet:-1, max-image-preview:large, max-video-preview:-1\" \/>\n<link rel=\"canonical\" href=\"https:\/\/rashev-co.com\/about-us\/\" \/>\n<meta property=\"og:locale\" content=\"fr_FR\" \/>\n<meta property=\"og:type\" content=\"article\" \/>\n<meta property=\"og:title\" content=\"A propos - Rashev Co\" \/>\n<meta property=\"og:description\" content=\"RASHEV est une soci\u00e9t\u00e9 priv\u00e9e, dirig\u00e9e par des professionnels ayant une exp\u00e9rience av\u00e9r\u00e9e dans la construction compl\u00e8te de centrales solaires photovolta\u00efques.\" \/>\n<meta property=\"og:url\" content=\"https:\/\/rashev-co.com\/about-us\/\" \/>\n<meta property=\"og:site_name\" content=\"Rashev Co\" \/>\n<meta property=\"article:modified_time\" content=\"2025-06-18T07:08:41+00:00\" \/>\n<meta name=\"twitter:card\" content=\"summary_large_image\" \/>\n<meta name=\"twitter:label1\" content=\"Dur\u00e9e de lecture estim\u00e9e\" \/>\n\t<meta name=\"twitter:data1\" content=\"2 minutes\" \/>\n<script type=\"application\/ld+json\" class=\"yoast-schema-graph\">{\"@context\":\"https:\/\/schema.org\",\"@graph\":[{\"@type\":\"WebPage\",\"@id\":\"https:\/\/rashev-co.com\/about-us\/\",\"url\":\"https:\/\/rashev-co.com\/about-us\/\",\"name\":\"A propos - Rashev Co\",\"isPartOf\":{\"@id\":\"https:\/\/rashev-co.com\/#website\"},\"datePublished\":\"2024-05-17T13:41:39+00:00\",\"dateModified\":\"2025-06-18T07:08:41+00:00\",\"description\":\"RASHEV est une soci\u00e9t\u00e9 priv\u00e9e, dirig\u00e9e par des professionnels ayant une exp\u00e9rience av\u00e9r\u00e9e dans la construction compl\u00e8te de centrales solaires photovolta\u00efques.\",\"breadcrumb\":{\"@id\":\"https:\/\/rashev-co.com\/about-us\/#breadcrumb\"},\"inLanguage\":\"fr-FR\",\"potentialAction\":[{\"@type\":\"ReadAction\",\"target\":[\"https:\/\/rashev-co.com\/about-us\/\"]}]},{\"@type\":\"BreadcrumbList\",\"@id\":\"https:\/\/rashev-co.com\/about-us\/#breadcrumb\",\"itemListElement\":[{\"@type\":\"ListItem\",\"position\":1,\"name\":\"\u041d\u0430\u0447\u0430\u043b\u043e\",\"item\":\"https:\/\/rashev-co.com\/fr\/\"},{\"@type\":\"ListItem\",\"position\":2,\"name\":\"A propos\"}]},{\"@type\":\"WebSite\",\"@id\":\"https:\/\/rashev-co.com\/#website\",\"url\":\"https:\/\/rashev-co.com\/\",\"name\":\"Rashev Co\",\"description\":\"Rashev Co\",\"publisher\":{\"@id\":\"https:\/\/rashev-co.com\/#organization\"},\"potentialAction\":[{\"@type\":\"SearchAction\",\"target\":{\"@type\":\"EntryPoint\",\"urlTemplate\":\"https:\/\/rashev-co.com\/?s={search_term_string}\"},\"query-input\":{\"@type\":\"PropertyValueSpecification\",\"valueRequired\":true,\"valueName\":\"search_term_string\"}}],\"inLanguage\":\"fr-FR\"},{\"@type\":\"Organization\",\"@id\":\"https:\/\/rashev-co.com\/#organization\",\"name\":\"Rashev Co\",\"url\":\"https:\/\/rashev-co.com\/\",\"logo\":{\"@type\":\"ImageObject\",\"inLanguage\":\"fr-FR\",\"@id\":\"https:\/\/rashev-co.com\/#\/schema\/logo\/image\/\",\"url\":\"https:\/\/rashev-co.com\/wp-content\/uploads\/2024\/05\/rashev-logo.png\",\"contentUrl\":\"https:\/\/rashev-co.com\/wp-content\/uploads\/2024\/05\/rashev-logo.png\",\"width\":53,\"height\":48,\"caption\":\"Rashev Co\"},\"image\":{\"@id\":\"https:\/\/rashev-co.com\/#\/schema\/logo\/image\/\"}}]}<\/script>\n<!-- \/ Yoast SEO plugin. -->","yoast_head_json":{"title":"A propos - Rashev Co","description":"RASHEV est une soci\u00e9t\u00e9 priv\u00e9e, dirig\u00e9e par des professionnels ayant une exp\u00e9rience av\u00e9r\u00e9e dans la construction compl\u00e8te de centrales solaires photovolta\u00efques.","robots":{"index":"index","follow":"follow","max-snippet":"max-snippet:-1","max-image-preview":"max-image-preview:large","max-video-preview":"max-video-preview:-1"},"canonical":"https:\/\/rashev-co.com\/about-us\/","og_locale":"fr_FR","og_type":"article","og_title":"A propos - Rashev Co","og_description":"RASHEV est une soci\u00e9t\u00e9 priv\u00e9e, dirig\u00e9e par des professionnels ayant une exp\u00e9rience av\u00e9r\u00e9e dans la construction compl\u00e8te de centrales solaires photovolta\u00efques.","og_url":"https:\/\/rashev-co.com\/about-us\/","og_site_name":"Rashev Co","article_modified_time":"2025-06-18T07:08:41+00:00","twitter_card":"summary_large_image","twitter_misc":{"Dur\u00e9e de lecture estim\u00e9e":"2 minutes"},"schema":{"@context":"https:\/\/schema.org","@graph":[{"@type":"WebPage","@id":"https:\/\/rashev-co.com\/about-us\/","url":"https:\/\/rashev-co.com\/about-us\/","name":"A propos - Rashev Co","isPartOf":{"@id":"https:\/\/rashev-co.com\/#website"},"datePublished":"2024-05-17T13:41:39+00:00","dateModified":"2025-06-18T07:08:41+00:00","description":"RASHEV est une soci\u00e9t\u00e9 priv\u00e9e, dirig\u00e9e par des professionnels ayant une exp\u00e9rience av\u00e9r\u00e9e dans la construction compl\u00e8te de centrales solaires photovolta\u00efques.","breadcrumb":{"@id":"https:\/\/rashev-co.com\/about-us\/#breadcrumb"},"inLanguage":"fr-FR","potentialAction":[{"@type":"ReadAction","target":["https:\/\/rashev-co.com\/about-us\/"]}]},{"@type":"BreadcrumbList","@id":"https:\/\/rashev-co.com\/about-us\/#breadcrumb","itemListElement":[{"@type":"ListItem","position":1,"name":"\u041d\u0430\u0447\u0430\u043b\u043e","item":"https:\/\/rashev-co.com\/fr\/"},{"@type":"ListItem","position":2,"name":"A propos"}]},{"@type":"WebSite","@id":"https:\/\/rashev-co.com\/#website","url":"https:\/\/rashev-co.com\/","name":"Rashev Co","description":"Rashev Co","publisher":{"@id":"https:\/\/rashev-co.com\/#organization"},"potentialAction":[{"@type":"SearchAction","target":{"@type":"EntryPoint","urlTemplate":"https:\/\/rashev-co.com\/?s={search_term_string}"},"query-input":{"@type":"PropertyValueSpecification","valueRequired":true,"valueName":"search_term_string"}}],"inLanguage":"fr-FR"},{"@type":"Organization","@id":"https:\/\/rashev-co.com\/#organization","name":"Rashev Co","url":"https:\/\/rashev-co.com\/","logo":{"@type":"ImageObject","inLanguage":"fr-FR","@id":"https:\/\/rashev-co.com\/#\/schema\/logo\/image\/","url":"https:\/\/rashev-co.com\/wp-content\/uploads\/2024\/05\/rashev-logo.png","contentUrl":"https:\/\/rashev-co.com\/wp-content\/uploads\/2024\/05\/rashev-logo.png","width":53,"height":48,"caption":"Rashev Co"},"image":{"@id":"https:\/\/rashev-co.com\/#\/schema\/logo\/image\/"}}]}},"_links":{"self":[{"href":"https:\/\/rashev-co.com\/fr\/wp-json\/wp\/v2\/pages\/1153","targetHints":{"allow":["GET"]}}],"collection":[{"href":"https:\/\/rashev-co.com\/fr\/wp-json\/wp\/v2\/pages"}],"about":[{"href":"https:\/\/rashev-co.com\/fr\/wp-json\/wp\/v2\/types\/page"}],"author":[{"embeddable":true,"href":"https:\/\/rashev-co.com\/fr\/wp-json\/wp\/v2\/users\/1"}],"replies":[{"embeddable":true,"href":"https:\/\/rashev-co.com\/fr\/wp-json\/wp\/v2\/comments?post=1153"}],"version-history":[{"count":8,"href":"https:\/\/rashev-co.com\/fr\/wp-json\/wp\/v2\/pages\/1153\/revisions"}],"predecessor-version":[{"id":1867,"href":"https:\/\/rashev-co.com\/fr\/wp-json\/wp\/v2\/pages\/1153\/revisions\/1867"}],"wp:attachment":[{"href":"https:\/\/rashev-co.com\/fr\/wp-json\/wp\/v2\/media?parent=1153"}],"curies":[{"name":"wp","href":"https:\/\/api.w.org\/{rel}","templated":true}]}}